{"id":804,"date":"2023-05-05T12:03:01","date_gmt":"2023-05-05T12:03:01","guid":{"rendered":"https:\/\/grupofuenclara.com\/?page_id=804"},"modified":"2025-03-18T16:38:58","modified_gmt":"2025-03-18T15:38:58","slug":"empleo","status":"publish","type":"page","link":"https:\/\/grupofuenclara.com\/en\/empleo\/","title":{"rendered":"Trabaja con Nosotros"},"content":{"rendered":"<div data-elementor-type=\"wp-page\" data-elementor-id=\"804\" class=\"elementor elementor-804\" data-elementor-post-type=\"page\">\n\t\t\t\t\t\t<section class=\"elementor-section elementor-top-section elementor-element elementor-element-f23b8c8 elementor-section-full_width elementor-section-height-min-height elementor-hidden-tablet elementor-hidden-mobile elementor-section-height-default elementor-section-items-middle\" data-id=\"f23b8c8\" data-element_type=\"section\" data-settings=\"{&quot;background_background&quot;:&quot;classic&quot;}\">\n\t\t\t\t\t\t\t<div class=\"elementor-background-overlay\"><\/div>\n\t\t\t\t\t\t\t<div class=\"elementor-container elementor-column-gap-no\">\n\t\t\t\t\t<div class=\"elementor-column elementor-col-100 elementor-top-column elementor-element elementor-element-f18ad0c\" data-id=\"f18ad0c\" data-element_type=\"column\">\n\t\t\t<div class=\"elementor-widget-wrap elementor-element-populated\">\n\t\t\t\t\t\t<section class=\"elementor-section elementor-inner-section elementor-element elementor-element-086c258 elementor-section-full_width elementor-reverse-mobile elementor-section-height-default elementor-section-height-default\" data-id=\"086c258\" data-element_type=\"section\" data-settings=\"{&quot;background_background&quot;:&quot;classic&quot;}\">\n\t\t\t\t\t\t<div class=\"elementor-container elementor-column-gap-no\">\n\t\t\t\t\t<div class=\"elementor-column elementor-col-50 elementor-inner-column elementor-element elementor-element-bb790b8 elementor-hidden-mobile\" data-id=\"bb790b8\" data-element_type=\"column\" data-settings=\"{&quot;background_background&quot;:&quot;classic&quot;}\">\n\t\t\t<div class=\"elementor-widget-wrap elementor-element-populated\">\n\t\t\t\t\t\t<div class=\"elementor-element elementor-element-604c141 elementor-widget elementor-widget-spacer\" data-id=\"604c141\" data-element_type=\"widget\" data-widget_type=\"spacer.default\">\n\t\t\t\t<div class=\"elementor-widget-container\">\n\t\t\t\t\t\t\t<div class=\"elementor-spacer\">\n\t\t\t<div class=\"elementor-spacer-inner\"><\/div>\n\t\t<\/div>\n\t\t\t\t\t\t<\/div>\n\t\t\t\t<\/div>\n\t\t\t\t\t<\/div>\n\t\t<\/div>\n\t\t\t\t<div class=\"elementor-column elementor-col-50 elementor-inner-column elementor-element elementor-element-f4cd225\" data-id=\"f4cd225\" data-element_type=\"column\">\n\t\t\t<div class=\"elementor-widget-wrap elementor-element-populated\">\n\t\t\t\t\t\t<div class=\"elementor-element elementor-element-ad0bf5c elementor-hidden-mobile elementor-widget elementor-widget-heading\" data-id=\"ad0bf5c\" data-element_type=\"widget\" data-widget_type=\"heading.default\">\n\t\t\t\t<div class=\"elementor-widget-container\">\n\t\t\t\t\t<p class=\"elementor-heading-title elementor-size-default\">WORK WITH US!<\/p>\t\t\t\t<\/div>\n\t\t\t\t<\/div>\n\t\t\t\t<div class=\"elementor-element elementor-element-7184bab elementor-widget elementor-widget-heading\" data-id=\"7184bab\" data-element_type=\"widget\" data-widget_type=\"heading.default\">\n\t\t\t\t<div class=\"elementor-widget-container\">\n\t\t\t\t\t<p class=\"elementor-heading-title elementor-size-default\">Be part of the <b>Grupo Fuenclara's team<\/b><\/p>\t\t\t\t<\/div>\n\t\t\t\t<\/div>\n\t\t\t\t<div class=\"elementor-element elementor-element-229b9f0 elementor-widget elementor-widget-text-editor\" data-id=\"229b9f0\" data-element_type=\"widget\" data-widget_type=\"text-editor.default\">\n\t\t\t\t<div class=\"elementor-widget-container\">\n\t\t\t\t\t\t\t\t\t<p>Are you passionate about gastronomy and looking to grow and develop in the hospitality industry? If so, Grupo Fuenclara is your place!<\/p>\n<p><span style=\"letter-spacing: 0.15px;\">Work in a group that operates eight brands and 17 different hospitality locations, where you will have the opportunity to learn and progress in a dynamic and exciting project, being part of one of the leading companies in the catering sector in Zaragoza.<\/span><\/p>\n<p><strong>What do we value in our team?<\/strong><\/p>\t\t\t\t\t\t\t\t<\/div>\n\t\t\t\t<\/div>\n\t\t\t\t<div class=\"elementor-element elementor-element-5bd1b26 elementor-icon-list--layout-traditional elementor-list-item-link-full_width elementor-widget elementor-widget-icon-list\" data-id=\"5bd1b26\" data-element_type=\"widget\" data-widget_type=\"icon-list.default\">\n\t\t\t\t<div class=\"elementor-widget-container\">\n\t\t\t\t\t\t\t<ul class=\"elementor-icon-list-items\">\n\t\t\t\t\t\t\t<li class=\"elementor-icon-list-item\">\n\t\t\t\t\t\t\t\t\t\t\t<span class=\"elementor-icon-list-icon\">\n\t\t\t\t\t\t\t<i aria-hidden=\"true\" class=\"fas fa-check-square\"><\/i>\t\t\t\t\t\t<\/span>\n\t\t\t\t\t\t\t\t\t\t<span class=\"elementor-icon-list-text\">Passion for the world of restoration.<\/span>\n\t\t\t\t\t\t\t\t\t<\/li>\n\t\t\t\t\t\t\t\t<li class=\"elementor-icon-list-item\">\n\t\t\t\t\t\t\t\t\t\t\t<span class=\"elementor-icon-list-icon\">\n\t\t\t\t\t\t\t<i aria-hidden=\"true\" class=\"fas fa-check-square\"><\/i>\t\t\t\t\t\t<\/span>\n\t\t\t\t\t\t\t\t\t\t<span class=\"elementor-icon-list-text\">Communication skills and public-facing experience.<\/span>\n\t\t\t\t\t\t\t\t\t<\/li>\n\t\t\t\t\t\t\t\t<li class=\"elementor-icon-list-item\">\n\t\t\t\t\t\t\t\t\t\t\t<span class=\"elementor-icon-list-icon\">\n\t\t\t\t\t\t\t<i aria-hidden=\"true\" class=\"fas fa-check-square\"><\/i>\t\t\t\t\t\t<\/span>\n\t\t\t\t\t\t\t\t\t\t<span class=\"elementor-icon-list-text\">Versatility to adapt to different types of restaurants.<\/span>\n\t\t\t\t\t\t\t\t\t<\/li>\n\t\t\t\t\t\t<\/ul>\n\t\t\t\t\t\t<\/div>\n\t\t\t\t<\/div>\n\t\t\t\t\t<\/div>\n\t\t<\/div>\n\t\t\t\t\t<\/div>\n\t\t<\/section>\n\t\t\t\t\t<\/div>\n\t\t<\/div>\n\t\t\t\t\t<\/div>\n\t\t<\/section>\n\t\t\t\t<section class=\"elementor-section elementor-top-section elementor-element elementor-element-6b36875 elementor-section-full_width elementor-section-height-default elementor-section-height-default\" data-id=\"6b36875\" data-element_type=\"section\" data-settings=\"{&quot;background_background&quot;:&quot;classic&quot;}\">\n\t\t\t\t\t\t\t<div class=\"elementor-background-overlay\"><\/div>\n\t\t\t\t\t\t\t<div class=\"elementor-container elementor-column-gap-default\">\n\t\t\t\t\t<div class=\"elementor-column elementor-col-100 elementor-top-column elementor-element elementor-element-2fc8473\" data-id=\"2fc8473\" data-element_type=\"column\">\n\t\t\t<div class=\"elementor-widget-wrap elementor-element-populated\">\n\t\t\t\t\t\t<div class=\"elementor-element elementor-element-d716347 elementor-widget elementor-widget-heading\" data-id=\"d716347\" data-element_type=\"widget\" data-widget_type=\"heading.default\">\n\t\t\t\t<div class=\"elementor-widget-container\">\n\t\t\t\t\t<h1 class=\"elementor-heading-title elementor-size-default\">If you're looking for <b>employment in restoration in Zaragoza<\/b>, Grupo Fuenclara is your place.<\/h1>\t\t\t\t<\/div>\n\t\t\t\t<\/div>\n\t\t\t\t<div class=\"elementor-element elementor-element-bbc1bbf elementor-widget elementor-widget-text-editor\" data-id=\"bbc1bbf\" data-element_type=\"widget\" data-widget_type=\"text-editor.default\">\n\t\t\t\t<div class=\"elementor-widget-container\">\n\t\t\t\t\t\t\t\t\t<p>Fill in all the fields with your personal data and do not forget to attach your CV by clicking on \"Select file\".<\/p>\t\t\t\t\t\t\t\t<\/div>\n\t\t\t\t<\/div>\n\t\t\t\t<div class=\"elementor-element elementor-element-f83e7e7 elementor-button-align-stretch elementor-widget elementor-widget-form\" data-id=\"f83e7e7\" data-element_type=\"widget\" data-settings=\"{&quot;step_next_label&quot;:&quot;Next&quot;,&quot;step_previous_label&quot;:&quot;Previous&quot;,&quot;button_width&quot;:&quot;100&quot;,&quot;step_type&quot;:&quot;number_text&quot;,&quot;step_icon_shape&quot;:&quot;circle&quot;}\" data-widget_type=\"form.default\">\n\t\t\t\t<div class=\"elementor-widget-container\">\n\t\t\t\t\t\t\t<form class=\"elementor-form\" method=\"post\" name=\"Formulario Trabajo\" aria-label=\"Formulario Trabajo\" action=\"\">\n\t\t\t<input type=\"hidden\" name=\"post_id\" value=\"804\"\/>\n\t\t\t<input type=\"hidden\" name=\"form_id\" value=\"f83e7e7\"\/>\n\t\t\t<input type=\"hidden\" name=\"referer_title\" value=\"Empleo Hosteler\u00eda en Zaragoza - Trabajo Grupo Fuenclara\" \/>\n\n\t\t\t\t\t\t\t<input type=\"hidden\" name=\"queried_id\" value=\"804\"\/>\n\t\t\t\n\t\t\t<div class=\"elementor-form-fields-wrapper elementor-labels-above\">\n\t\t\t\t\t\t\t\t<div class=\"elementor-field-type-text elementor-field-group elementor-column elementor-field-group-name elementor-col-50 elementor-field-required\">\n\t\t\t\t\t\t\t\t\t\t\t\t\t<input size=\"1\" type=\"text\" name=\"form_fields[name]\" id=\"form-field-name\" class=\"elementor-field elementor-size-sm  elementor-field-textual\" placeholder=\"Name*\" required=\"required\">\n\t\t\t\t\t\t\t\t\t\t\t<\/div>\n\t\t\t\t\t\t\t\t<div class=\"elementor-field-type-text elementor-field-group elementor-column elementor-field-group-field_580cac5 elementor-col-50 elementor-field-required\">\n\t\t\t\t\t\t\t\t\t\t\t\t\t<input size=\"1\" type=\"text\" name=\"form_fields[field_580cac5]\" id=\"form-field-field_580cac5\" class=\"elementor-field elementor-size-sm  elementor-field-textual\" placeholder=\"Surnames*\" required=\"required\">\n\t\t\t\t\t\t\t\t\t\t\t<\/div>\n\t\t\t\t\t\t\t\t<div class=\"elementor-field-type-email elementor-field-group elementor-column elementor-field-group-email elementor-col-50 elementor-field-required\">\n\t\t\t\t\t\t\t\t\t\t\t\t\t<input size=\"1\" type=\"email\" name=\"form_fields[email]\" id=\"form-field-email\" class=\"elementor-field elementor-size-sm  elementor-field-textual\" placeholder=\"Email*\" required=\"required\">\n\t\t\t\t\t\t\t\t\t\t\t<\/div>\n\t\t\t\t\t\t\t\t<div class=\"elementor-field-type-number elementor-field-group elementor-column elementor-field-group-field_cc728bc elementor-col-50 elementor-field-required\">\n\t\t\t\t\t\t\t\t<input type=\"number\" name=\"form_fields[field_cc728bc]\" id=\"form-field-field_cc728bc\" class=\"elementor-field elementor-size-sm  elementor-field-textual\" placeholder=\"phone*\" required=\"required\" min=\"\" max=\"\" >\n\t\t\t\t\t\t<\/div>\n\t\t\t\t\t\t\t\t<div class=\"elementor-field-type-textarea elementor-field-group elementor-column elementor-field-group-message elementor-col-100\">\n\t\t\t\t\t<textarea class=\"elementor-field-textual elementor-field  elementor-size-sm\" name=\"form_fields[message]\" id=\"form-field-message\" rows=\"4\" placeholder=\"Talk us a bit about you...\"><\/textarea>\t\t\t\t<\/div>\n\t\t\t\t\t\t\t\t<div class=\"elementor-field-type-upload elementor-field-group elementor-column elementor-field-group-field_bf81662 elementor-col-100\">\n\t\t\t\t\t\t\t<input type=\"file\" name=\"form_fields[field_bf81662]\" id=\"form-field-field_bf81662\" class=\"elementor-field elementor-size-sm  elementor-upload-field\">\n\n\t\t\t\t\t\t<\/div>\n\t\t\t\t\t\t\t\t<div class=\"elementor-field-type-acceptance elementor-field-group elementor-column elementor-field-group-field_2a77fa8 elementor-col-100 elementor-field-required\">\n\t\t\t\t\t\t\t<div class=\"elementor-field-subgroup\">\n\t\t\t<span class=\"elementor-field-option\">\n\t\t\t\t<input type=\"checkbox\" name=\"form_fields[field_2a77fa8]\" id=\"form-field-field_2a77fa8\" class=\"elementor-field elementor-size-sm  elementor-acceptance-field\" required=\"required\">\n\t\t\t\t<label for=\"form-field-field_2a77fa8\">I have read and accept the privacy policy<\/label>\t\t\t<\/span>\n\t\t<\/div>\n\t\t\t\t\t\t<\/div>\n\t\t\t\t\t\t\t\t<div class=\"elementor-field-group elementor-column elementor-field-type-submit elementor-col-100 e-form__buttons\">\n\t\t\t\t\t<button class=\"elementor-button elementor-size-sm\" type=\"submit\">\n\t\t\t\t\t\t<span class=\"elementor-button-content-wrapper\">\n\t\t\t\t\t\t\t\t\t\t\t\t\t\t\t\t\t\t\t\t\t\t<span class=\"elementor-button-text\">ENVIAR<\/span>\n\t\t\t\t\t\t\t\t\t\t\t\t\t<\/span>\n\t\t\t\t\t<\/button>\n\t\t\t\t<\/div>\n\t\t\t<\/div>\n\t\t<input type=\"hidden\" name=\"trp-form-language\" value=\"en\"\/><\/form>\n\t\t\t\t\t\t<\/div>\n\t\t\t\t<\/div>\n\t\t\t\t\t<\/div>\n\t\t<\/div>\n\t\t\t\t\t<\/div>\n\t\t<\/section>\n\t\t\t\t<section class=\"elementor-section elementor-top-section elementor-element elementor-element-1898a47 elementor-section-full_width elementor-section-height-min-height elementor-hidden-desktop elementor-section-height-default elementor-section-items-middle\" data-id=\"1898a47\" data-element_type=\"section\" data-settings=\"{&quot;background_background&quot;:&quot;classic&quot;}\">\n\t\t\t\t\t\t\t<div class=\"elementor-background-overlay\"><\/div>\n\t\t\t\t\t\t\t<div class=\"elementor-container elementor-column-gap-no\">\n\t\t\t\t\t<div class=\"elementor-column elementor-col-100 elementor-top-column elementor-element elementor-element-63695bd\" data-id=\"63695bd\" data-element_type=\"column\">\n\t\t\t<div class=\"elementor-widget-wrap elementor-element-populated\">\n\t\t\t\t\t\t<section class=\"elementor-section elementor-inner-section elementor-element elementor-element-413bb27 elementor-section-full_width elementor-reverse-mobile elementor-section-height-default elementor-section-height-default\" data-id=\"413bb27\" data-element_type=\"section\" data-settings=\"{&quot;background_background&quot;:&quot;classic&quot;}\">\n\t\t\t\t\t\t<div class=\"elementor-container elementor-column-gap-no\">\n\t\t\t\t\t<div class=\"elementor-column elementor-col-100 elementor-inner-column elementor-element elementor-element-8ed828d\" data-id=\"8ed828d\" data-element_type=\"column\">\n\t\t\t<div class=\"elementor-widget-wrap elementor-element-populated\">\n\t\t\t\t\t\t<div class=\"elementor-element elementor-element-29e0f02 elementor-widget elementor-widget-heading\" data-id=\"29e0f02\" data-element_type=\"widget\" data-widget_type=\"heading.default\">\n\t\t\t\t<div class=\"elementor-widget-container\">\n\t\t\t\t\t<h2 class=\"elementor-heading-title elementor-size-default\">WORK WITH US!<\/h2>\t\t\t\t<\/div>\n\t\t\t\t<\/div>\n\t\t\t\t<div class=\"elementor-element elementor-element-7e788bb elementor-widget elementor-widget-heading\" data-id=\"7e788bb\" data-element_type=\"widget\" data-widget_type=\"heading.default\">\n\t\t\t\t<div class=\"elementor-widget-container\">\n\t\t\t\t\t<h2 class=\"elementor-heading-title elementor-size-default\">Be part of the <b>Grupo Fuenclara's team<\/b><\/h2>\t\t\t\t<\/div>\n\t\t\t\t<\/div>\n\t\t\t\t<div class=\"elementor-element elementor-element-37a08cc elementor-widget elementor-widget-text-editor\" data-id=\"37a08cc\" data-element_type=\"widget\" data-widget_type=\"text-editor.default\">\n\t\t\t\t<div class=\"elementor-widget-container\">\n\t\t\t\t\t\t\t\t\t<p>Si eres una persona apasionada por la gastronom\u00eda y est\u00e1s buscando empleo en el sector de la hosteler\u00eda en Zaragoza, Grupo Fuenclara es tu lugar.<\/p><p>Trabaja en un grupo que opera ocho marcas y 17 locales de hosteler\u00eda diferentes, donde tendr\u00e1s la oportunidad de aprender y crecer en un proyecto din\u00e1mico y emocionante, formando parte de una de las empresas l\u00edderes en el sector de la restauraci\u00f3n en Zaragoza.<\/p><p>\u00a0<\/p><p><strong>What do we value in our team?<\/strong><\/p>\t\t\t\t\t\t\t\t<\/div>\n\t\t\t\t<\/div>\n\t\t\t\t<div class=\"elementor-element elementor-element-03ea0a9 elementor-icon-list--layout-traditional elementor-list-item-link-full_width elementor-widget elementor-widget-icon-list\" data-id=\"03ea0a9\" data-element_type=\"widget\" data-widget_type=\"icon-list.default\">\n\t\t\t\t<div class=\"elementor-widget-container\">\n\t\t\t\t\t\t\t<ul class=\"elementor-icon-list-items\">\n\t\t\t\t\t\t\t<li class=\"elementor-icon-list-item\">\n\t\t\t\t\t\t\t\t\t\t\t<span class=\"elementor-icon-list-icon\">\n\t\t\t\t\t\t\t<i aria-hidden=\"true\" class=\"fas fa-check-square\"><\/i>\t\t\t\t\t\t<\/span>\n\t\t\t\t\t\t\t\t\t\t<span class=\"elementor-icon-list-text\">Passion for the world of restoration.<\/span>\n\t\t\t\t\t\t\t\t\t<\/li>\n\t\t\t\t\t\t\t\t<li class=\"elementor-icon-list-item\">\n\t\t\t\t\t\t\t\t\t\t\t<span class=\"elementor-icon-list-icon\">\n\t\t\t\t\t\t\t<i aria-hidden=\"true\" class=\"fas fa-check-square\"><\/i>\t\t\t\t\t\t<\/span>\n\t\t\t\t\t\t\t\t\t\t<span class=\"elementor-icon-list-text\">Communication skills and public-facing experience.<\/span>\n\t\t\t\t\t\t\t\t\t<\/li>\n\t\t\t\t\t\t\t\t<li class=\"elementor-icon-list-item\">\n\t\t\t\t\t\t\t\t\t\t\t<span class=\"elementor-icon-list-icon\">\n\t\t\t\t\t\t\t<i aria-hidden=\"true\" class=\"fas fa-check-square\"><\/i>\t\t\t\t\t\t<\/span>\n\t\t\t\t\t\t\t\t\t\t<span class=\"elementor-icon-list-text\">Versatility to adapt to different types of restaurants.<\/span>\n\t\t\t\t\t\t\t\t\t<\/li>\n\t\t\t\t\t\t<\/ul>\n\t\t\t\t\t\t<\/div>\n\t\t\t\t<\/div>\n\t\t\t\t\t<\/div>\n\t\t<\/div>\n\t\t\t\t\t<\/div>\n\t\t<\/section>\n\t\t\t\t\t<\/div>\n\t\t<\/div>\n\t\t\t\t\t<\/div>\n\t\t<\/section>\n\t\t\t\t<\/div>","protected":false},"excerpt":{"rendered":"<p>TRABAJA CON NOSOTROS Forma parte del equipo de Grupo Fuenclara \u00bfTe apasiona la gastronom\u00eda y est\u00e1s buscando crecer y desarrollarte en el sector de la hosteler\u00eda? Si es as\u00ed, \u00a1Grupo Fuenclara es tu lugar! Trabaja en un grupo que opera ocho marcas y 17 locales de hosteler\u00eda diferentes, donde tendr\u00e1s la oportunidad de aprender y &#8230; <a title=\"Trabaja con Nosotros\" class=\"read-more\" href=\"https:\/\/grupofuenclara.com\/en\/empleo\/\" aria-label=\"Read more about Trabaja con Nosotros\">Read more<\/a><\/p>","protected":false},"author":2,"featured_media":0,"parent":0,"menu_order":0,"comment_status":"closed","ping_status":"closed","template":"elementor_header_footer","meta":{"footnotes":""},"class_list":["post-804","page","type-page","status-publish"],"yoast_head":"<!-- This site is optimized with the Yoast SEO plugin v26.5 - https:\/\/yoast.com\/wordpress\/plugins\/seo\/ -->\n<title>Empleo Hosteler\u00eda en Zaragoza - Trabajo Grupo Fuenclara<\/title>\n<meta name=\"description\" content=\"En Grupo Fuenclara ofrecemos una amplia oferta laboral en los locales hosteleros m\u00e1s grandes de Zaragoza. Empleo de hosteler\u00eda en Zaragoza.\" \/>\n<meta name=\"robots\" content=\"index, follow, max-snippet:-1, max-image-preview:large, max-video-preview:-1\" \/>\n<link rel=\"canonical\" href=\"https:\/\/grupofuenclara.com\/en\/empleo\/\" \/>\n<meta property=\"og:locale\" content=\"en_GB\" \/>\n<meta property=\"og:type\" content=\"article\" \/>\n<meta property=\"og:title\" content=\"Trabajar en Grupo Fuenclara\" \/>\n<meta property=\"og:description\" content=\"En Grupo Fuenclara ofrecemos una amplia oferta laboral en los locales hosteleros m\u00e1s grandes de Zaragoza. Empleo de hosteler\u00eda en Zaragoza.\" \/>\n<meta property=\"og:url\" content=\"https:\/\/grupofuenclara.com\/en\/empleo\/\" \/>\n<meta property=\"og:site_name\" content=\"grupofuenclara.com\" \/>\n<meta property=\"article:modified_time\" content=\"2025-03-18T15:38:58+00:00\" \/>\n<meta property=\"og:image\" content=\"https:\/\/grupofuenclara.com\/wp-content\/uploads\/2023\/05\/grupo-fuenclara-empleo-1.jpg\" \/>\n\t<meta property=\"og:image:width\" content=\"710\" \/>\n\t<meta property=\"og:image:height\" content=\"956\" \/>\n\t<meta property=\"og:image:type\" content=\"image\/jpeg\" \/>\n<meta name=\"twitter:card\" content=\"summary_large_image\" \/>\n<meta name=\"twitter:label1\" content=\"Estimated reading time\" \/>\n\t<meta name=\"twitter:data1\" content=\"2 minutes\" \/>\n<script type=\"application\/ld+json\" class=\"yoast-schema-graph\">{\"@context\":\"https:\/\/schema.org\",\"@graph\":[{\"@type\":\"WebPage\",\"@id\":\"https:\/\/grupofuenclara.com\/empleo\/\",\"url\":\"https:\/\/grupofuenclara.com\/empleo\/\",\"name\":\"Empleo Hosteler\u00eda en Zaragoza - Trabajo Grupo Fuenclara\",\"isPartOf\":{\"@id\":\"https:\/\/grupofuenclara.com\/#website\"},\"datePublished\":\"2023-05-05T12:03:01+00:00\",\"dateModified\":\"2025-03-18T15:38:58+00:00\",\"description\":\"En Grupo Fuenclara ofrecemos una amplia oferta laboral en los locales hosteleros m\u00e1s grandes de Zaragoza. Empleo de hosteler\u00eda en Zaragoza.\",\"breadcrumb\":{\"@id\":\"https:\/\/grupofuenclara.com\/empleo\/#breadcrumb\"},\"inLanguage\":\"en-GB\",\"potentialAction\":[{\"@type\":\"ReadAction\",\"target\":[\"https:\/\/grupofuenclara.com\/empleo\/\"]}]},{\"@type\":\"BreadcrumbList\",\"@id\":\"https:\/\/grupofuenclara.com\/empleo\/#breadcrumb\",\"itemListElement\":[{\"@type\":\"ListItem\",\"position\":1,\"name\":\"Home\",\"item\":\"https:\/\/grupofuenclara.com\/\"},{\"@type\":\"ListItem\",\"position\":2,\"name\":\"Trabaja con Nosotros\"}]},{\"@type\":\"WebSite\",\"@id\":\"https:\/\/grupofuenclara.com\/#website\",\"url\":\"https:\/\/grupofuenclara.com\/\",\"name\":\"grupofuenclara.com\",\"description\":\"\",\"publisher\":{\"@id\":\"https:\/\/grupofuenclara.com\/#organization\"},\"potentialAction\":[{\"@type\":\"SearchAction\",\"target\":{\"@type\":\"EntryPoint\",\"urlTemplate\":\"https:\/\/grupofuenclara.com\/?s={search_term_string}\"},\"query-input\":{\"@type\":\"PropertyValueSpecification\",\"valueRequired\":true,\"valueName\":\"search_term_string\"}}],\"inLanguage\":\"en-GB\"},{\"@type\":\"Organization\",\"@id\":\"https:\/\/grupofuenclara.com\/#organization\",\"name\":\"grupofuenclara.com\",\"url\":\"https:\/\/grupofuenclara.com\/\",\"logo\":{\"@type\":\"ImageObject\",\"inLanguage\":\"en-GB\",\"@id\":\"https:\/\/grupofuenclara.com\/#\/schema\/logo\/image\/\",\"url\":\"https:\/\/grupofuenclara.com\/wp-content\/uploads\/2023\/05\/LOGO-FUENCLARA-ADAPTADO.png\",\"contentUrl\":\"https:\/\/grupofuenclara.com\/wp-content\/uploads\/2023\/05\/LOGO-FUENCLARA-ADAPTADO.png\",\"width\":180,\"height\":54,\"caption\":\"grupofuenclara.com\"},\"image\":{\"@id\":\"https:\/\/grupofuenclara.com\/#\/schema\/logo\/image\/\"}}]}<\/script>\n<!-- \/ Yoast SEO plugin. -->","yoast_head_json":{"title":"Empleo Hosteler\u00eda en Zaragoza - Trabajo Grupo Fuenclara","description":"En Grupo Fuenclara ofrecemos una amplia oferta laboral en los locales hosteleros m\u00e1s grandes de Zaragoza. Empleo de hosteler\u00eda en Zaragoza.","robots":{"index":"index","follow":"follow","max-snippet":"max-snippet:-1","max-image-preview":"max-image-preview:large","max-video-preview":"max-video-preview:-1"},"canonical":"https:\/\/grupofuenclara.com\/en\/empleo\/","og_locale":"en_GB","og_type":"article","og_title":"Trabajar en Grupo Fuenclara","og_description":"En Grupo Fuenclara ofrecemos una amplia oferta laboral en los locales hosteleros m\u00e1s grandes de Zaragoza. Empleo de hosteler\u00eda en Zaragoza.","og_url":"https:\/\/grupofuenclara.com\/en\/empleo\/","og_site_name":"grupofuenclara.com","article_modified_time":"2025-03-18T15:38:58+00:00","og_image":[{"width":710,"height":956,"url":"https:\/\/grupofuenclara.com\/wp-content\/uploads\/2023\/05\/grupo-fuenclara-empleo-1.jpg","type":"image\/jpeg"}],"twitter_card":"summary_large_image","twitter_misc":{"Estimated reading time":"2 minutes"},"schema":{"@context":"https:\/\/schema.org","@graph":[{"@type":"WebPage","@id":"https:\/\/grupofuenclara.com\/empleo\/","url":"https:\/\/grupofuenclara.com\/empleo\/","name":"Empleo Hosteler\u00eda en Zaragoza - Trabajo Grupo Fuenclara","isPartOf":{"@id":"https:\/\/grupofuenclara.com\/#website"},"datePublished":"2023-05-05T12:03:01+00:00","dateModified":"2025-03-18T15:38:58+00:00","description":"En Grupo Fuenclara ofrecemos una amplia oferta laboral en los locales hosteleros m\u00e1s grandes de Zaragoza. Empleo de hosteler\u00eda en Zaragoza.","breadcrumb":{"@id":"https:\/\/grupofuenclara.com\/empleo\/#breadcrumb"},"inLanguage":"en-GB","potentialAction":[{"@type":"ReadAction","target":["https:\/\/grupofuenclara.com\/empleo\/"]}]},{"@type":"BreadcrumbList","@id":"https:\/\/grupofuenclara.com\/empleo\/#breadcrumb","itemListElement":[{"@type":"ListItem","position":1,"name":"Home","item":"https:\/\/grupofuenclara.com\/"},{"@type":"ListItem","position":2,"name":"Trabaja con Nosotros"}]},{"@type":"WebSite","@id":"https:\/\/grupofuenclara.com\/#website","url":"https:\/\/grupofuenclara.com\/","name":"grupofuenclara.com","description":"","publisher":{"@id":"https:\/\/grupofuenclara.com\/#organization"},"potentialAction":[{"@type":"SearchAction","target":{"@type":"EntryPoint","urlTemplate":"https:\/\/grupofuenclara.com\/?s={search_term_string}"},"query-input":{"@type":"PropertyValueSpecification","valueRequired":true,"valueName":"search_term_string"}}],"inLanguage":"en-GB"},{"@type":"Organization","@id":"https:\/\/grupofuenclara.com\/#organization","name":"grupofuenclara.com","url":"https:\/\/grupofuenclara.com\/","logo":{"@type":"ImageObject","inLanguage":"en-GB","@id":"https:\/\/grupofuenclara.com\/#\/schema\/logo\/image\/","url":"https:\/\/grupofuenclara.com\/wp-content\/uploads\/2023\/05\/LOGO-FUENCLARA-ADAPTADO.png","contentUrl":"https:\/\/grupofuenclara.com\/wp-content\/uploads\/2023\/05\/LOGO-FUENCLARA-ADAPTADO.png","width":180,"height":54,"caption":"grupofuenclara.com"},"image":{"@id":"https:\/\/grupofuenclara.com\/#\/schema\/logo\/image\/"}}]}},"_links":{"self":[{"href":"https:\/\/grupofuenclara.com\/en\/wp-json\/wp\/v2\/pages\/804","targetHints":{"allow":["GET"]}}],"collection":[{"href":"https:\/\/grupofuenclara.com\/en\/wp-json\/wp\/v2\/pages"}],"about":[{"href":"https:\/\/grupofuenclara.com\/en\/wp-json\/wp\/v2\/types\/page"}],"author":[{"embeddable":true,"href":"https:\/\/grupofuenclara.com\/en\/wp-json\/wp\/v2\/users\/2"}],"replies":[{"embeddable":true,"href":"https:\/\/grupofuenclara.com\/en\/wp-json\/wp\/v2\/comments?post=804"}],"version-history":[{"count":94,"href":"https:\/\/grupofuenclara.com\/en\/wp-json\/wp\/v2\/pages\/804\/revisions"}],"predecessor-version":[{"id":1915,"href":"https:\/\/grupofuenclara.com\/en\/wp-json\/wp\/v2\/pages\/804\/revisions\/1915"}],"wp:attachment":[{"href":"https:\/\/grupofuenclara.com\/en\/wp-json\/wp\/v2\/media?parent=804"}],"curies":[{"name":"wp","href":"https:\/\/api.w.org\/{rel}","templated":true}]}}