{"id":1956,"date":"2025-12-11T12:17:23","date_gmt":"2025-12-11T11:17:23","guid":{"rendered":"https:\/\/grupofuenclara.com\/?page_id=1956"},"modified":"2025-12-11T12:48:09","modified_gmt":"2025-12-11T11:48:09","slug":"cuarto-espacio","status":"publish","type":"page","link":"https:\/\/grupofuenclara.com\/en\/cuarto-espacio\/","title":{"rendered":"Cuarto Espacio"},"content":{"rendered":"<div data-elementor-type=\"wp-page\" data-elementor-id=\"1956\" class=\"elementor elementor-1956\" data-elementor-post-type=\"page\">\n\t\t\t\t\t\t<section class=\"elementor-section elementor-top-section elementor-element elementor-element-f23b8c8 elementor-section-full_width elementor-section-height-min-height elementor-section-height-default elementor-section-items-middle\" data-id=\"f23b8c8\" data-element_type=\"section\" data-settings=\"{&quot;background_background&quot;:&quot;classic&quot;}\">\n\t\t\t\t\t\t\t<div class=\"elementor-background-overlay\"><\/div>\n\t\t\t\t\t\t\t<div class=\"elementor-container elementor-column-gap-default\">\n\t\t\t\t\t<div class=\"elementor-column elementor-col-100 elementor-top-column elementor-element elementor-element-f18ad0c\" data-id=\"f18ad0c\" data-element_type=\"column\">\n\t\t\t<div class=\"elementor-widget-wrap elementor-element-populated\">\n\t\t\t\t\t\t<section class=\"elementor-section elementor-inner-section elementor-element elementor-element-086c258 elementor-section-full_width elementor-section-height-default elementor-section-height-default\" data-id=\"086c258\" data-element_type=\"section\">\n\t\t\t\t\t\t<div class=\"elementor-container elementor-column-gap-no\">\n\t\t\t\t\t<div class=\"elementor-column elementor-col-50 elementor-inner-column elementor-element elementor-element-bb790b8\" data-id=\"bb790b8\" data-element_type=\"column\">\n\t\t\t<div class=\"elementor-widget-wrap elementor-element-populated\">\n\t\t\t\t\t\t<div class=\"elementor-element elementor-element-e3c6449 elementor-widget elementor-widget-image\" data-id=\"e3c6449\" data-element_type=\"widget\" data-widget_type=\"image.default\">\n\t\t\t\t<div class=\"elementor-widget-container\">\n\t\t\t\t\t\t\t\t\t\t\t\t\t\t\t<img fetchpriority=\"high\" decoding=\"async\" width=\"1024\" height=\"1024\" src=\"https:\/\/grupofuenclara.com\/wp-content\/uploads\/2025\/12\/Cuarto-Espacio-Logo-1024x1024.png\" class=\"attachment-large size-large wp-image-1993\" alt=\"Cuarto Espacio Logo\" srcset=\"https:\/\/grupofuenclara.com\/wp-content\/uploads\/2025\/12\/Cuarto-Espacio-Logo-1024x1024.png 1024w, https:\/\/grupofuenclara.com\/wp-content\/uploads\/2025\/12\/Cuarto-Espacio-Logo-300x300.png 300w, https:\/\/grupofuenclara.com\/wp-content\/uploads\/2025\/12\/Cuarto-Espacio-Logo-150x150.png 150w, https:\/\/grupofuenclara.com\/wp-content\/uploads\/2025\/12\/Cuarto-Espacio-Logo-768x768.png 768w, https:\/\/grupofuenclara.com\/wp-content\/uploads\/2025\/12\/Cuarto-Espacio-Logo-12x12.png 12w, https:\/\/grupofuenclara.com\/wp-content\/uploads\/2025\/12\/Cuarto-Espacio-Logo.png 1080w\" sizes=\"(max-width: 1024px) 100vw, 1024px\" \/>\t\t\t\t\t\t\t\t\t\t\t\t\t\t\t<\/div>\n\t\t\t\t<\/div>\n\t\t\t\t\t<\/div>\n\t\t<\/div>\n\t\t\t\t<div class=\"elementor-column elementor-col-50 elementor-inner-column elementor-element elementor-element-f4cd225\" data-id=\"f4cd225\" data-element_type=\"column\">\n\t\t\t<div class=\"elementor-widget-wrap elementor-element-populated\">\n\t\t\t\t\t\t<div class=\"elementor-element elementor-element-7184bab elementor-widget elementor-widget-heading\" data-id=\"7184bab\" data-element_type=\"widget\" data-widget_type=\"heading.default\">\n\t\t\t\t<div class=\"elementor-widget-container\">\n\t\t\t\t\t<h1 class=\"elementor-heading-title elementor-size-default\"><b>Cuarto Espacio<\/b>, una cafeter\u00eda con alma e historia<\/h1>\t\t\t\t<\/div>\n\t\t\t\t<\/div>\n\t\t\t\t<div class=\"elementor-element elementor-element-229b9f0 elementor-widget elementor-widget-text-editor\" data-id=\"229b9f0\" data-element_type=\"widget\" data-widget_type=\"text-editor.default\">\n\t\t\t\t<div class=\"elementor-widget-container\">\n\t\t\t\t\t\t\t\t\t<p><b>Cuarto Espacio<\/b>, ubicado en un entorno \u00fanico en la Plaza Espa\u00f1a de Zaragoza, es una cafeter\u00eda con m\u00e1s de 100 a\u00f1os de historia en el centro de la ciudad. Las vistas han cambiado, pero el esp\u00edritu sigue vivo y hoy rendimos homenaje a un lugar que late en el coraz\u00f3n de la ciudad y en el de quienes la viven.<\/p>\t\t\t\t\t\t\t\t<\/div>\n\t\t\t\t<\/div>\n\t\t\t\t\t<\/div>\n\t\t<\/div>\n\t\t\t\t\t<\/div>\n\t\t<\/section>\n\t\t\t\t\t<\/div>\n\t\t<\/div>\n\t\t\t\t\t<\/div>\n\t\t<\/section>\n\t\t\t\t<section class=\"elementor-section elementor-top-section elementor-element elementor-element-9d1a65f elementor-section-full_width elementor-section-height-default elementor-section-height-default\" data-id=\"9d1a65f\" data-element_type=\"section\" data-settings=\"{&quot;background_background&quot;:&quot;classic&quot;}\">\n\t\t\t\t\t\t<div class=\"elementor-container elementor-column-gap-no\">\n\t\t\t\t\t<div class=\"elementor-column elementor-col-66 elementor-top-column elementor-element elementor-element-f9df196\" data-id=\"f9df196\" data-element_type=\"column\">\n\t\t\t<div class=\"elementor-widget-wrap elementor-element-populated\">\n\t\t\t\t\t\t<div class=\"elementor-element elementor-element-e0fb3be elementor-widget elementor-widget-heading\" data-id=\"e0fb3be\" data-element_type=\"widget\" data-widget_type=\"heading.default\">\n\t\t\t\t<div class=\"elementor-widget-container\">\n\t\t\t\t\t<h2 class=\"elementor-heading-title elementor-size-default\">PLAZA ESPA\u00d1A<\/h2>\t\t\t\t<\/div>\n\t\t\t\t<\/div>\n\t\t\t\t<div class=\"elementor-element elementor-element-89513a4 elementor-widget elementor-widget-text-editor\" data-id=\"89513a4\" data-element_type=\"widget\" data-widget_type=\"text-editor.default\">\n\t\t\t\t<div class=\"elementor-widget-container\">\n\t\t\t\t\t\t\t\t\t<p>En el coraz\u00f3n del Par\u00eds de la Belle \u00c9poque, brasseries y cafeter\u00edas como &#8216;Bofinger&#8217; o &#8216;Caf\u00e9 de Flore&#8217; acog\u00edan artistas, escritores y so\u00f1adores. Entre espejos que multiplicaban la luz, barras de zinc relucientes y mesas de m\u00e1rmol donde el tiempo se deten\u00eda; nacieron espacios de encuentro, cultura y vida.<br \/><br \/>Hace un siglo, ese esp\u00edritu viaj\u00f3 a Espa\u00f1a, y nuestros caf\u00e9s heredaron su aire cosmopolita, convirti\u00e9ndose en escenario de tertulias y creatividad. En <strong>Cuarto Espacio<\/strong> recogemos ese legado y esa historia con la que se inaugur\u00f3 bajo otro nombre hace un siglo<\/p>\t\t\t\t\t\t\t\t<\/div>\n\t\t\t\t<\/div>\n\t\t\t\t<div class=\"elementor-element elementor-element-35fead0 elementor-icon-list--layout-traditional elementor-list-item-link-full_width elementor-widget elementor-widget-icon-list\" data-id=\"35fead0\" data-element_type=\"widget\" data-widget_type=\"icon-list.default\">\n\t\t\t\t<div class=\"elementor-widget-container\">\n\t\t\t\t\t\t\t<ul class=\"elementor-icon-list-items\">\n\t\t\t\t\t\t\t<li class=\"elementor-icon-list-item\">\n\t\t\t\t\t\t\t\t\t\t\t<span class=\"elementor-icon-list-icon\">\n\t\t\t\t\t\t\t<i aria-hidden=\"true\" class=\"fas fa-clock\"><\/i>\t\t\t\t\t\t<\/span>\n\t\t\t\t\t\t\t\t\t\t<span class=\"elementor-icon-list-text\"><b>Schedule:<\/b> Domingo a Jueves<b> (8:00-22:00)<\/b>, Viernes y S\u00e1bado <b>(8:00-00:00).<\/b><\/span>\n\t\t\t\t\t\t\t\t\t<\/li>\n\t\t\t\t\t\t\t\t<li class=\"elementor-icon-list-item\">\n\t\t\t\t\t\t\t\t\t\t\t<span class=\"elementor-icon-list-icon\">\n\t\t\t\t\t\t\t<i aria-hidden=\"true\" class=\"fas fa-map-marker-alt\"><\/i>\t\t\t\t\t\t<\/span>\n\t\t\t\t\t\t\t\t\t\t<span class=\"elementor-icon-list-text\"><b>Location:<\/b>  Plaza Espa\u00f1a, 50004, Zaragoza<\/span>\n\t\t\t\t\t\t\t\t\t<\/li>\n\t\t\t\t\t\t<\/ul>\n\t\t\t\t\t\t<\/div>\n\t\t\t\t<\/div>\n\t\t\t\t\t<\/div>\n\t\t<\/div>\n\t\t\t\t<div class=\"elementor-column elementor-col-33 elementor-top-column elementor-element elementor-element-172a979\" data-id=\"172a979\" data-element_type=\"column\" data-settings=\"{&quot;background_background&quot;:&quot;classic&quot;}\">\n\t\t\t<div class=\"elementor-widget-wrap elementor-element-populated\">\n\t\t\t\t\t\t<div class=\"elementor-element elementor-element-c7af76b elementor-widget elementor-widget-spacer\" data-id=\"c7af76b\" data-element_type=\"widget\" data-widget_type=\"spacer.default\">\n\t\t\t\t<div class=\"elementor-widget-container\">\n\t\t\t\t\t\t\t<div class=\"elementor-spacer\">\n\t\t\t<div class=\"elementor-spacer-inner\"><\/div>\n\t\t<\/div>\n\t\t\t\t\t\t<\/div>\n\t\t\t\t<\/div>\n\t\t\t\t\t<\/div>\n\t\t<\/div>\n\t\t\t\t\t<\/div>\n\t\t<\/section>\n\t\t\t\t<section class=\"elementor-section elementor-top-section elementor-element elementor-element-3fce6ee elementor-section-full_width elementor-section-height-default elementor-section-height-default\" data-id=\"3fce6ee\" data-element_type=\"section\">\n\t\t\t\t\t\t<div class=\"elementor-container elementor-column-gap-no\">\n\t\t\t\t\t<div class=\"elementor-column elementor-col-100 elementor-top-column elementor-element elementor-element-8fccb15\" data-id=\"8fccb15\" data-element_type=\"column\">\n\t\t\t<div class=\"elementor-widget-wrap elementor-element-populated\">\n\t\t\t\t\t\t<div class=\"elementor-element elementor-element-4183cf1 elementor-widget elementor-widget-google_maps\" data-id=\"4183cf1\" data-element_type=\"widget\" data-widget_type=\"google_maps.default\">\n\t\t\t\t<div class=\"elementor-widget-container\">\n\t\t\t\t\t\t\t<div class=\"elementor-custom-embed\">\n\t\t\t<iframe loading=\"lazy\"\n\t\t\t\t\tsrc=\"https:\/\/maps.google.com\/maps?q=cuarto%20espacio%20zaragoza&#038;t=m&#038;z=16&#038;output=embed&#038;iwloc=near\"\n\t\t\t\t\ttitle=\"cuarto espacio zaragoza\"\n\t\t\t\t\taria-label=\"cuarto espacio zaragoza\"\n\t\t\t><\/iframe>\n\t\t<\/div>\n\t\t\t\t\t\t<\/div>\n\t\t\t\t<\/div>\n\t\t\t\t\t<\/div>\n\t\t<\/div>\n\t\t\t\t\t<\/div>\n\t\t<\/section>\n\t\t\t\t<section class=\"elementor-section elementor-top-section elementor-element elementor-element-6b36875 elementor-section-full_width elementor-section-height-default elementor-section-height-default\" data-id=\"6b36875\" data-element_type=\"section\" data-settings=\"{&quot;background_background&quot;:&quot;classic&quot;}\">\n\t\t\t\t\t\t<div class=\"elementor-container elementor-column-gap-default\">\n\t\t\t\t\t<div class=\"elementor-column elementor-col-100 elementor-top-column elementor-element elementor-element-2fc8473\" data-id=\"2fc8473\" data-element_type=\"column\">\n\t\t\t<div class=\"elementor-widget-wrap elementor-element-populated\">\n\t\t\t\t\t\t<div class=\"elementor-element elementor-element-1f00b86 elementor-mobile-align-center elementor-icon-list--layout-traditional elementor-list-item-link-full_width elementor-widget elementor-widget-icon-list\" data-id=\"1f00b86\" data-element_type=\"widget\" data-widget_type=\"icon-list.default\">\n\t\t\t\t<div class=\"elementor-widget-container\">\n\t\t\t\t\t\t\t<ul class=\"elementor-icon-list-items\">\n\t\t\t\t\t\t\t<li class=\"elementor-icon-list-item\">\n\t\t\t\t\t\t\t\t\t\t\t<a href=\"https:\/\/www.instagram.com\/4oespacio\/\">\n\n\t\t\t\t\t\t\t\t\t\t\t\t<span class=\"elementor-icon-list-icon\">\n\t\t\t\t\t\t\t<i aria-hidden=\"true\" class=\"fab fa-instagram\"><\/i>\t\t\t\t\t\t<\/span>\n\t\t\t\t\t\t\t\t\t\t<span class=\"elementor-icon-list-text\">@4OESPACIO<\/span>\n\t\t\t\t\t\t\t\t\t\t\t<\/a>\n\t\t\t\t\t\t\t\t\t<\/li>\n\t\t\t\t\t\t<\/ul>\n\t\t\t\t\t\t<\/div>\n\t\t\t\t<\/div>\n\t\t\t\t<div class=\"elementor-element elementor-element-b5a38c9 elementor-arrows-position-inside elementor-pagination-position-outside elementor-widget elementor-widget-image-carousel\" data-id=\"b5a38c9\" data-element_type=\"widget\" data-settings=\"{&quot;slides_to_show&quot;:&quot;4&quot;,&quot;slides_to_show_tablet&quot;:&quot;3&quot;,&quot;slides_to_show_mobile&quot;:&quot;1&quot;,&quot;navigation&quot;:&quot;both&quot;,&quot;autoplay&quot;:&quot;yes&quot;,&quot;pause_on_hover&quot;:&quot;yes&quot;,&quot;pause_on_interaction&quot;:&quot;yes&quot;,&quot;autoplay_speed&quot;:5000,&quot;infinite&quot;:&quot;yes&quot;,&quot;speed&quot;:500}\" data-widget_type=\"image-carousel.default\">\n\t\t\t\t<div class=\"elementor-widget-container\">\n\t\t\t\t\t\t\t<div class=\"elementor-image-carousel-wrapper swiper\" role=\"region\" aria-roledescription=\"carousel\" aria-label=\"Carrusel de im\u00e1genes\" dir=\"ltr\">\n\t\t\t<div class=\"elementor-image-carousel swiper-wrapper\" aria-live=\"off\">\n\t\t\t\t\t\t\t\t<div class=\"swiper-slide\" role=\"group\" aria-roledescription=\"slide\" aria-label=\"1 de 10\"><figure class=\"swiper-slide-inner\"><img decoding=\"async\" class=\"swiper-slide-image\" src=\"https:\/\/grupofuenclara.com\/wp-content\/uploads\/2025\/12\/548632886_17867810805443497_5716343553158823714_n.jpg\" alt=\"548632886_17867810805443497_5716343553158823714_n.\" \/><\/figure><\/div><div class=\"swiper-slide\" role=\"group\" aria-roledescription=\"slide\" aria-label=\"2 de 10\"><figure class=\"swiper-slide-inner\"><img decoding=\"async\" class=\"swiper-slide-image\" src=\"https:\/\/grupofuenclara.com\/wp-content\/uploads\/2025\/12\/552282690_17845734363572554_3206196810044958611_n.jpg\" alt=\"552282690_17845734363572554_3206196810044958611_n.\" \/><\/figure><\/div><div class=\"swiper-slide\" role=\"group\" aria-roledescription=\"slide\" aria-label=\"3 de 10\"><figure class=\"swiper-slide-inner\"><img decoding=\"async\" class=\"swiper-slide-image\" src=\"https:\/\/grupofuenclara.com\/wp-content\/uploads\/2025\/12\/546658910_17867810823443497_451583482259885160_n.jpg\" alt=\"546658910_17867810823443497_451583482259885160_n.\" \/><\/figure><\/div><div class=\"swiper-slide\" role=\"group\" aria-roledescription=\"slide\" aria-label=\"4 de 10\"><figure class=\"swiper-slide-inner\"><img decoding=\"async\" class=\"swiper-slide-image\" src=\"https:\/\/grupofuenclara.com\/wp-content\/uploads\/2025\/12\/553318524_17845734375572554_8449150708622079804_n.jpg\" alt=\"553318524_17845734375572554_8449150708622079804_n.\" \/><\/figure><\/div><div class=\"swiper-slide\" role=\"group\" aria-roledescription=\"slide\" aria-label=\"5 de 10\"><figure class=\"swiper-slide-inner\"><img decoding=\"async\" class=\"swiper-slide-image\" src=\"https:\/\/grupofuenclara.com\/wp-content\/uploads\/2025\/12\/547873038_17867810814443497_9050852792020215580_n.jpg\" alt=\"547873038_17867810814443497_9050852792020215580_n.\" \/><\/figure><\/div><div class=\"swiper-slide\" role=\"group\" aria-roledescription=\"slide\" aria-label=\"6 de 10\"><figure class=\"swiper-slide-inner\"><img decoding=\"async\" class=\"swiper-slide-image\" src=\"https:\/\/grupofuenclara.com\/wp-content\/uploads\/2025\/12\/547861981_17867810946443497_8757251693221144586_n.jpg\" alt=\"547861981_17867810946443497_8757251693221144586_n.\" \/><\/figure><\/div><div class=\"swiper-slide\" role=\"group\" aria-roledescription=\"slide\" aria-label=\"7 de 10\"><figure class=\"swiper-slide-inner\"><img decoding=\"async\" class=\"swiper-slide-image\" src=\"https:\/\/grupofuenclara.com\/wp-content\/uploads\/2025\/12\/552937664_17845734447572554_620824251697590268_n.jpg\" alt=\"552937664_17845734447572554_620824251697590268_n.\" \/><\/figure><\/div><div class=\"swiper-slide\" role=\"group\" aria-roledescription=\"slide\" aria-label=\"8 de 10\"><figure class=\"swiper-slide-inner\"><img decoding=\"async\" class=\"swiper-slide-image\" src=\"https:\/\/grupofuenclara.com\/wp-content\/uploads\/2025\/12\/548187540_17867810928443497_142671982559627595_n.jpg\" alt=\"548187540_17867810928443497_142671982559627595_n.\" \/><\/figure><\/div><div class=\"swiper-slide\" role=\"group\" aria-roledescription=\"slide\" aria-label=\"9 de 10\"><figure class=\"swiper-slide-inner\"><img decoding=\"async\" class=\"swiper-slide-image\" src=\"https:\/\/grupofuenclara.com\/wp-content\/uploads\/2025\/12\/552166839_17845734438572554_7916351407930547568_n.jpg\" alt=\"552166839_17845734438572554_7916351407930547568_n.\" \/><\/figure><\/div><div class=\"swiper-slide\" role=\"group\" aria-roledescription=\"slide\" aria-label=\"10 de 10\"><figure class=\"swiper-slide-inner\"><img decoding=\"async\" class=\"swiper-slide-image\" src=\"https:\/\/grupofuenclara.com\/wp-content\/uploads\/2025\/12\/548135477_17867810910443497_8858244530653697197_n.jpg\" alt=\"548135477_17867810910443497_8858244530653697197_n.\" \/><\/figure><\/div>\t\t\t<\/div>\n\t\t\t\t\t\t\t\t\t\t\t\t<div class=\"elementor-swiper-button elementor-swiper-button-prev\" role=\"button\" tabindex=\"0\">\n\t\t\t\t\t\t<i aria-hidden=\"true\" class=\"eicon-chevron-left\"><\/i>\t\t\t\t\t<\/div>\n\t\t\t\t\t<div class=\"elementor-swiper-button elementor-swiper-button-next\" role=\"button\" tabindex=\"0\">\n\t\t\t\t\t\t<i aria-hidden=\"true\" class=\"eicon-chevron-right\"><\/i>\t\t\t\t\t<\/div>\n\t\t\t\t\n\t\t\t\t\t\t\t\t\t<div class=\"swiper-pagination\"><\/div>\n\t\t\t\t\t\t\t\t\t<\/div>\n\t\t\t\t\t\t<\/div>\n\t\t\t\t<\/div>\n\t\t\t\t\t<\/div>\n\t\t<\/div>\n\t\t\t\t\t<\/div>\n\t\t<\/section>\n\t\t\t\t<\/div>","protected":false},"excerpt":{"rendered":"<p>Cuarto Espacio, una cafeter\u00eda con alma e historia Cuarto Espacio, ubicado en un entorno \u00fanico en la Plaza Espa\u00f1a de Zaragoza, es una cafeter\u00eda con m\u00e1s de 100 a\u00f1os de historia en el centro de la ciudad. Las vistas han cambiado, pero el esp\u00edritu sigue vivo y hoy rendimos homenaje a un lugar que late &#8230; <a title=\"Cuarto Espacio\" class=\"read-more\" href=\"https:\/\/grupofuenclara.com\/en\/cuarto-espacio\/\" aria-label=\"Read more about Cuarto Espacio\">Read more<\/a><\/p>","protected":false},"author":3,"featured_media":0,"parent":0,"menu_order":0,"comment_status":"closed","ping_status":"closed","template":"elementor_header_footer","meta":{"footnotes":""},"class_list":["post-1956","page","type-page","status-publish"],"yoast_head":"<!-- This site is optimized with the Yoast SEO plugin v26.5 - https:\/\/yoast.com\/wordpress\/plugins\/seo\/ -->\n<title>Cuarto Espacio - Grupo Fuenclara<\/title>\n<meta name=\"description\" content=\"M\u00eda Culpa es una cafeter\u00eda con alma e historia ubicada en Plaza Espa\u00f1a, en el centro de Zaragoza.\" \/>\n<meta name=\"robots\" content=\"index, follow, max-snippet:-1, max-image-preview:large, max-video-preview:-1\" \/>\n<link rel=\"canonical\" href=\"https:\/\/grupofuenclara.com\/en\/cuarto-espacio\/\" \/>\n<meta property=\"og:locale\" content=\"en_GB\" \/>\n<meta property=\"og:type\" content=\"article\" \/>\n<meta property=\"og:title\" content=\"Cuarto Espacio - Grupo Fuenclara\" \/>\n<meta property=\"og:description\" content=\"M\u00eda Culpa es una cafeter\u00eda con alma e historia ubicada en Plaza Espa\u00f1a, en el centro de Zaragoza.\" \/>\n<meta property=\"og:url\" content=\"https:\/\/grupofuenclara.com\/en\/cuarto-espacio\/\" \/>\n<meta property=\"og:site_name\" content=\"grupofuenclara.com\" \/>\n<meta property=\"article:modified_time\" content=\"2025-12-11T11:48:09+00:00\" \/>\n<meta property=\"og:image\" content=\"https:\/\/grupofuenclara.com\/wp-content\/uploads\/2025\/12\/Cuarto-Espacio-Logo.png\" \/>\n\t<meta property=\"og:image:width\" content=\"1080\" \/>\n\t<meta property=\"og:image:height\" content=\"1080\" \/>\n\t<meta property=\"og:image:type\" content=\"image\/png\" \/>\n<meta name=\"twitter:card\" content=\"summary_large_image\" \/>\n<meta name=\"twitter:label1\" content=\"Estimated reading time\" \/>\n\t<meta name=\"twitter:data1\" content=\"5 minutes\" \/>\n<script type=\"application\/ld+json\" class=\"yoast-schema-graph\">{\"@context\":\"https:\/\/schema.org\",\"@graph\":[{\"@type\":\"WebPage\",\"@id\":\"https:\/\/grupofuenclara.com\/cuarto-espacio\/\",\"url\":\"https:\/\/grupofuenclara.com\/cuarto-espacio\/\",\"name\":\"Cuarto Espacio - Grupo Fuenclara\",\"isPartOf\":{\"@id\":\"https:\/\/grupofuenclara.com\/#website\"},\"primaryImageOfPage\":{\"@id\":\"https:\/\/grupofuenclara.com\/cuarto-espacio\/#primaryimage\"},\"image\":{\"@id\":\"https:\/\/grupofuenclara.com\/cuarto-espacio\/#primaryimage\"},\"thumbnailUrl\":\"https:\/\/grupofuenclara.com\/wp-content\/uploads\/2025\/12\/Cuarto-Espacio-Logo-1024x1024.png\",\"datePublished\":\"2025-12-11T11:17:23+00:00\",\"dateModified\":\"2025-12-11T11:48:09+00:00\",\"description\":\"M\u00eda Culpa es una cafeter\u00eda con alma e historia ubicada en Plaza Espa\u00f1a, en el centro de Zaragoza.\",\"breadcrumb\":{\"@id\":\"https:\/\/grupofuenclara.com\/cuarto-espacio\/#breadcrumb\"},\"inLanguage\":\"en-GB\",\"potentialAction\":[{\"@type\":\"ReadAction\",\"target\":[\"https:\/\/grupofuenclara.com\/cuarto-espacio\/\"]}]},{\"@type\":\"ImageObject\",\"inLanguage\":\"en-GB\",\"@id\":\"https:\/\/grupofuenclara.com\/cuarto-espacio\/#primaryimage\",\"url\":\"https:\/\/grupofuenclara.com\/wp-content\/uploads\/2025\/12\/Cuarto-Espacio-Logo-1024x1024.png\",\"contentUrl\":\"https:\/\/grupofuenclara.com\/wp-content\/uploads\/2025\/12\/Cuarto-Espacio-Logo-1024x1024.png\"},{\"@type\":\"BreadcrumbList\",\"@id\":\"https:\/\/grupofuenclara.com\/cuarto-espacio\/#breadcrumb\",\"itemListElement\":[{\"@type\":\"ListItem\",\"position\":1,\"name\":\"Home\",\"item\":\"https:\/\/grupofuenclara.com\/\"},{\"@type\":\"ListItem\",\"position\":2,\"name\":\"Cuarto Espacio\"}]},{\"@type\":\"WebSite\",\"@id\":\"https:\/\/grupofuenclara.com\/#website\",\"url\":\"https:\/\/grupofuenclara.com\/\",\"name\":\"grupofuenclara.com\",\"description\":\"\",\"publisher\":{\"@id\":\"https:\/\/grupofuenclara.com\/#organization\"},\"potentialAction\":[{\"@type\":\"SearchAction\",\"target\":{\"@type\":\"EntryPoint\",\"urlTemplate\":\"https:\/\/grupofuenclara.com\/?s={search_term_string}\"},\"query-input\":{\"@type\":\"PropertyValueSpecification\",\"valueRequired\":true,\"valueName\":\"search_term_string\"}}],\"inLanguage\":\"en-GB\"},{\"@type\":\"Organization\",\"@id\":\"https:\/\/grupofuenclara.com\/#organization\",\"name\":\"grupofuenclara.com\",\"url\":\"https:\/\/grupofuenclara.com\/\",\"logo\":{\"@type\":\"ImageObject\",\"inLanguage\":\"en-GB\",\"@id\":\"https:\/\/grupofuenclara.com\/#\/schema\/logo\/image\/\",\"url\":\"https:\/\/grupofuenclara.com\/wp-content\/uploads\/2023\/05\/LOGO-FUENCLARA-ADAPTADO.png\",\"contentUrl\":\"https:\/\/grupofuenclara.com\/wp-content\/uploads\/2023\/05\/LOGO-FUENCLARA-ADAPTADO.png\",\"width\":180,\"height\":54,\"caption\":\"grupofuenclara.com\"},\"image\":{\"@id\":\"https:\/\/grupofuenclara.com\/#\/schema\/logo\/image\/\"}}]}<\/script>\n<!-- \/ Yoast SEO plugin. -->","yoast_head_json":{"title":"Cuarto Espacio - Grupo Fuenclara","description":"M\u00eda Culpa es una cafeter\u00eda con alma e historia ubicada en Plaza Espa\u00f1a, en el centro de Zaragoza.","robots":{"index":"index","follow":"follow","max-snippet":"max-snippet:-1","max-image-preview":"max-image-preview:large","max-video-preview":"max-video-preview:-1"},"canonical":"https:\/\/grupofuenclara.com\/en\/cuarto-espacio\/","og_locale":"en_GB","og_type":"article","og_title":"Cuarto Espacio - Grupo Fuenclara","og_description":"M\u00eda Culpa es una cafeter\u00eda con alma e historia ubicada en Plaza Espa\u00f1a, en el centro de Zaragoza.","og_url":"https:\/\/grupofuenclara.com\/en\/cuarto-espacio\/","og_site_name":"grupofuenclara.com","article_modified_time":"2025-12-11T11:48:09+00:00","og_image":[{"width":1080,"height":1080,"url":"https:\/\/grupofuenclara.com\/wp-content\/uploads\/2025\/12\/Cuarto-Espacio-Logo.png","type":"image\/png"}],"twitter_card":"summary_large_image","twitter_misc":{"Estimated reading time":"5 minutes"},"schema":{"@context":"https:\/\/schema.org","@graph":[{"@type":"WebPage","@id":"https:\/\/grupofuenclara.com\/cuarto-espacio\/","url":"https:\/\/grupofuenclara.com\/cuarto-espacio\/","name":"Cuarto Espacio - Grupo Fuenclara","isPartOf":{"@id":"https:\/\/grupofuenclara.com\/#website"},"primaryImageOfPage":{"@id":"https:\/\/grupofuenclara.com\/cuarto-espacio\/#primaryimage"},"image":{"@id":"https:\/\/grupofuenclara.com\/cuarto-espacio\/#primaryimage"},"thumbnailUrl":"https:\/\/grupofuenclara.com\/wp-content\/uploads\/2025\/12\/Cuarto-Espacio-Logo-1024x1024.png","datePublished":"2025-12-11T11:17:23+00:00","dateModified":"2025-12-11T11:48:09+00:00","description":"M\u00eda Culpa es una cafeter\u00eda con alma e historia ubicada en Plaza Espa\u00f1a, en el centro de Zaragoza.","breadcrumb":{"@id":"https:\/\/grupofuenclara.com\/cuarto-espacio\/#breadcrumb"},"inLanguage":"en-GB","potentialAction":[{"@type":"ReadAction","target":["https:\/\/grupofuenclara.com\/cuarto-espacio\/"]}]},{"@type":"ImageObject","inLanguage":"en-GB","@id":"https:\/\/grupofuenclara.com\/cuarto-espacio\/#primaryimage","url":"https:\/\/grupofuenclara.com\/wp-content\/uploads\/2025\/12\/Cuarto-Espacio-Logo-1024x1024.png","contentUrl":"https:\/\/grupofuenclara.com\/wp-content\/uploads\/2025\/12\/Cuarto-Espacio-Logo-1024x1024.png"},{"@type":"BreadcrumbList","@id":"https:\/\/grupofuenclara.com\/cuarto-espacio\/#breadcrumb","itemListElement":[{"@type":"ListItem","position":1,"name":"Home","item":"https:\/\/grupofuenclara.com\/"},{"@type":"ListItem","position":2,"name":"Cuarto Espacio"}]},{"@type":"WebSite","@id":"https:\/\/grupofuenclara.com\/#website","url":"https:\/\/grupofuenclara.com\/","name":"grupofuenclara.com","description":"","publisher":{"@id":"https:\/\/grupofuenclara.com\/#organization"},"potentialAction":[{"@type":"SearchAction","target":{"@type":"EntryPoint","urlTemplate":"https:\/\/grupofuenclara.com\/?s={search_term_string}"},"query-input":{"@type":"PropertyValueSpecification","valueRequired":true,"valueName":"search_term_string"}}],"inLanguage":"en-GB"},{"@type":"Organization","@id":"https:\/\/grupofuenclara.com\/#organization","name":"grupofuenclara.com","url":"https:\/\/grupofuenclara.com\/","logo":{"@type":"ImageObject","inLanguage":"en-GB","@id":"https:\/\/grupofuenclara.com\/#\/schema\/logo\/image\/","url":"https:\/\/grupofuenclara.com\/wp-content\/uploads\/2023\/05\/LOGO-FUENCLARA-ADAPTADO.png","contentUrl":"https:\/\/grupofuenclara.com\/wp-content\/uploads\/2023\/05\/LOGO-FUENCLARA-ADAPTADO.png","width":180,"height":54,"caption":"grupofuenclara.com"},"image":{"@id":"https:\/\/grupofuenclara.com\/#\/schema\/logo\/image\/"}}]}},"_links":{"self":[{"href":"https:\/\/grupofuenclara.com\/en\/wp-json\/wp\/v2\/pages\/1956","targetHints":{"allow":["GET"]}}],"collection":[{"href":"https:\/\/grupofuenclara.com\/en\/wp-json\/wp\/v2\/pages"}],"about":[{"href":"https:\/\/grupofuenclara.com\/en\/wp-json\/wp\/v2\/types\/page"}],"author":[{"embeddable":true,"href":"https:\/\/grupofuenclara.com\/en\/wp-json\/wp\/v2\/users\/3"}],"replies":[{"embeddable":true,"href":"https:\/\/grupofuenclara.com\/en\/wp-json\/wp\/v2\/comments?post=1956"}],"version-history":[{"count":19,"href":"https:\/\/grupofuenclara.com\/en\/wp-json\/wp\/v2\/pages\/1956\/revisions"}],"predecessor-version":[{"id":1999,"href":"https:\/\/grupofuenclara.com\/en\/wp-json\/wp\/v2\/pages\/1956\/revisions\/1999"}],"wp:attachment":[{"href":"https:\/\/grupofuenclara.com\/en\/wp-json\/wp\/v2\/media?parent=1956"}],"curies":[{"name":"wp","href":"https:\/\/api.w.org\/{rel}","templated":true}]}}