{"id":1627,"date":"2024-04-09T12:25:01","date_gmt":"2024-04-09T10:25:01","guid":{"rendered":"https:\/\/grupofuenclara.com\/?page_id=1627"},"modified":"2024-04-11T16:53:54","modified_gmt":"2024-04-11T14:53:54","slug":"pura-brasa","status":"publish","type":"page","link":"https:\/\/grupofuenclara.com\/en\/pura-brasa\/","title":{"rendered":"Pura Brasa"},"content":{"rendered":"<div data-elementor-type=\"wp-page\" data-elementor-id=\"1627\" class=\"elementor elementor-1627\" data-elementor-post-type=\"page\">\n\t\t\t\t\t\t<section class=\"elementor-section elementor-top-section elementor-element elementor-element-f23b8c8 elementor-section-full_width elementor-section-height-min-height elementor-section-height-default elementor-section-items-middle\" data-id=\"f23b8c8\" data-element_type=\"section\" data-settings=\"{&quot;background_background&quot;:&quot;classic&quot;}\">\n\t\t\t\t\t\t\t<div class=\"elementor-background-overlay\"><\/div>\n\t\t\t\t\t\t\t<div class=\"elementor-container elementor-column-gap-default\">\n\t\t\t\t\t<div class=\"elementor-column elementor-col-100 elementor-top-column elementor-element elementor-element-f18ad0c\" data-id=\"f18ad0c\" data-element_type=\"column\">\n\t\t\t<div class=\"elementor-widget-wrap elementor-element-populated\">\n\t\t\t\t\t\t<section class=\"elementor-section elementor-inner-section elementor-element elementor-element-086c258 elementor-section-full_width elementor-section-height-default elementor-section-height-default\" data-id=\"086c258\" data-element_type=\"section\">\n\t\t\t\t\t\t<div class=\"elementor-container elementor-column-gap-no\">\n\t\t\t\t\t<div class=\"elementor-column elementor-col-50 elementor-inner-column elementor-element elementor-element-bb790b8\" data-id=\"bb790b8\" data-element_type=\"column\">\n\t\t\t<div class=\"elementor-widget-wrap elementor-element-populated\">\n\t\t\t\t\t\t<div class=\"elementor-element elementor-element-e3c6449 elementor-widget elementor-widget-image\" data-id=\"e3c6449\" data-element_type=\"widget\" data-widget_type=\"image.default\">\n\t\t\t\t<div class=\"elementor-widget-container\">\n\t\t\t\t\t\t\t\t\t\t\t\t\t\t\t<img decoding=\"async\" width=\"150\" height=\"157\" src=\"https:\/\/grupofuenclara.com\/wp-content\/uploads\/2024\/04\/logo-purabrasa.png\" class=\"attachment-2048x2048 size-2048x2048 wp-image-1635\" alt=\"purabrasa zaragoza\" srcset=\"https:\/\/grupofuenclara.com\/wp-content\/uploads\/2024\/04\/logo-purabrasa.png 150w, https:\/\/grupofuenclara.com\/wp-content\/uploads\/2024\/04\/logo-purabrasa-11x12.png 11w\" sizes=\"(max-width: 150px) 100vw, 150px\" \/>\t\t\t\t\t\t\t\t\t\t\t\t\t\t\t<\/div>\n\t\t\t\t<\/div>\n\t\t\t\t\t<\/div>\n\t\t<\/div>\n\t\t\t\t<div class=\"elementor-column elementor-col-50 elementor-inner-column elementor-element elementor-element-f4cd225\" data-id=\"f4cd225\" data-element_type=\"column\">\n\t\t\t<div class=\"elementor-widget-wrap elementor-element-populated\">\n\t\t\t\t\t\t<div class=\"elementor-element elementor-element-7184bab elementor-widget elementor-widget-heading\" data-id=\"7184bab\" data-element_type=\"widget\" data-widget_type=\"heading.default\">\n\t\t\t\t<div class=\"elementor-widget-container\">\n\t\t\t\t\t<h1 class=\"elementor-heading-title elementor-size-default\"><b>Pura Brasa<\/b>, gastronomic grill<\/h1>\t\t\t\t<\/div>\n\t\t\t\t<\/div>\n\t\t\t\t<div class=\"elementor-element elementor-element-229b9f0 elementor-widget elementor-widget-text-editor\" data-id=\"229b9f0\" data-element_type=\"widget\" data-widget_type=\"text-editor.default\">\n\t\t\t\t<div class=\"elementor-widget-container\">\n\t\t\t\t\t\t\t\t\t<p>Un concepto gastron\u00f3mico de calidad que combina la esencia de la cocina tradicional saludable, con una complet\u00edsima carta en la que el 95% de sus platos pasan por la brasa.<\/p>\t\t\t\t\t\t\t\t<\/div>\n\t\t\t\t<\/div>\n\t\t\t\t\t<\/div>\n\t\t<\/div>\n\t\t\t\t\t<\/div>\n\t\t<\/section>\n\t\t\t\t\t<\/div>\n\t\t<\/div>\n\t\t\t\t\t<\/div>\n\t\t<\/section>\n\t\t\t\t<section class=\"elementor-section elementor-top-section elementor-element elementor-element-9d1a65f elementor-section-full_width elementor-section-height-default elementor-section-height-default\" data-id=\"9d1a65f\" data-element_type=\"section\" data-settings=\"{&quot;background_background&quot;:&quot;classic&quot;}\">\n\t\t\t\t\t\t<div class=\"elementor-container elementor-column-gap-no\">\n\t\t\t\t\t<div class=\"elementor-column elementor-col-66 elementor-top-column elementor-element elementor-element-f9df196\" data-id=\"f9df196\" data-element_type=\"column\">\n\t\t\t<div class=\"elementor-widget-wrap elementor-element-populated\">\n\t\t\t\t\t\t<div class=\"elementor-element elementor-element-e0fb3be elementor-widget elementor-widget-heading\" data-id=\"e0fb3be\" data-element_type=\"widget\" data-widget_type=\"heading.default\">\n\t\t\t\t<div class=\"elementor-widget-container\">\n\t\t\t\t\t<h2 class=\"elementor-heading-title elementor-size-default\">Parque grande<\/h2>\t\t\t\t<\/div>\n\t\t\t\t<\/div>\n\t\t\t\t<div class=\"elementor-element elementor-element-89513a4 elementor-widget elementor-widget-text-editor\" data-id=\"89513a4\" data-element_type=\"widget\" data-widget_type=\"text-editor.default\">\n\t\t\t\t<div class=\"elementor-widget-container\">\n\t\t\t\t\t\t\t\t\t<p>Pura Brasa, ubicado en un entorno \u00fanico con incre\u00edbles vistas dentro del Parque Grande, es el lugar id\u00f3neo donde disfrutar de una amplia y variada carta con la brasa como protagonista. Platos llenos de sabor elaborados con productos de proximidad y de primera calidad.&nbsp;<\/p>\t\t\t\t\t\t\t\t<\/div>\n\t\t\t\t<\/div>\n\t\t\t\t<div class=\"elementor-element elementor-element-35fead0 elementor-icon-list--layout-traditional elementor-list-item-link-full_width elementor-widget elementor-widget-icon-list\" data-id=\"35fead0\" data-element_type=\"widget\" data-widget_type=\"icon-list.default\">\n\t\t\t\t<div class=\"elementor-widget-container\">\n\t\t\t\t\t\t\t<ul class=\"elementor-icon-list-items\">\n\t\t\t\t\t\t\t<li class=\"elementor-icon-list-item\">\n\t\t\t\t\t\t\t\t\t\t\t<span class=\"elementor-icon-list-icon\">\n\t\t\t\t\t\t\t<i aria-hidden=\"true\" class=\"fas fa-clock\"><\/i>\t\t\t\t\t\t<\/span>\n\t\t\t\t\t\t\t\t\t\t<span class=\"elementor-icon-list-text\"><b>Schedule:<\/b> Toda la semana <b>(09:00-00:00)<\/b><b>.<\/b><\/span>\n\t\t\t\t\t\t\t\t\t<\/li>\n\t\t\t\t\t\t\t\t<li class=\"elementor-icon-list-item\">\n\t\t\t\t\t\t\t\t\t\t\t<span class=\"elementor-icon-list-icon\">\n\t\t\t\t\t\t\t<i aria-hidden=\"true\" class=\"fas fa-map-marker-alt\"><\/i>\t\t\t\t\t\t<\/span>\n\t\t\t\t\t\t\t\t\t\t<span class=\"elementor-icon-list-text\"><b>Location:<\/b>  Cabezo Buenavista, Parque Grande Jos\u00e9 Antonio Labordeta (Zaragoza)<\/span>\n\t\t\t\t\t\t\t\t\t<\/li>\n\t\t\t\t\t\t<\/ul>\n\t\t\t\t\t\t<\/div>\n\t\t\t\t<\/div>\n\t\t\t\t<div class=\"elementor-element elementor-element-b7f193f elementor-align-left elementor-mobile-align-left elementor-widget elementor-widget-button\" data-id=\"b7f193f\" data-element_type=\"widget\" data-widget_type=\"button.default\">\n\t\t\t\t<div class=\"elementor-widget-container\">\n\t\t\t\t\t\t\t\t\t<div class=\"elementor-button-wrapper\">\n\t\t\t\t\t<a class=\"elementor-button elementor-button-link elementor-size-lg\" href=\"https:\/\/www.purabrasa.com\/reserva-pura-brasa-zaragoza\/\" target=\"_blank\">\n\t\t\t\t\t\t<span class=\"elementor-button-content-wrapper\">\n\t\t\t\t\t\t\t\t\t<span class=\"elementor-button-text\">\u00a1RESERVA AQU\u00cd!<\/span>\n\t\t\t\t\t<\/span>\n\t\t\t\t\t<\/a>\n\t\t\t\t<\/div>\n\t\t\t\t\t\t\t\t<\/div>\n\t\t\t\t<\/div>\n\t\t\t\t\t<\/div>\n\t\t<\/div>\n\t\t\t\t<div class=\"elementor-column elementor-col-33 elementor-top-column elementor-element elementor-element-172a979\" data-id=\"172a979\" data-element_type=\"column\" data-settings=\"{&quot;background_background&quot;:&quot;classic&quot;}\">\n\t\t\t<div class=\"elementor-widget-wrap elementor-element-populated\">\n\t\t\t\t\t\t<div class=\"elementor-element elementor-element-c7af76b elementor-widget elementor-widget-spacer\" data-id=\"c7af76b\" data-element_type=\"widget\" data-widget_type=\"spacer.default\">\n\t\t\t\t<div class=\"elementor-widget-container\">\n\t\t\t\t\t\t\t<div class=\"elementor-spacer\">\n\t\t\t<div class=\"elementor-spacer-inner\"><\/div>\n\t\t<\/div>\n\t\t\t\t\t\t<\/div>\n\t\t\t\t<\/div>\n\t\t\t\t\t<\/div>\n\t\t<\/div>\n\t\t\t\t\t<\/div>\n\t\t<\/section>\n\t\t\t\t<section class=\"elementor-section elementor-top-section elementor-element elementor-element-3fce6ee elementor-section-full_width elementor-section-height-default elementor-section-height-default\" data-id=\"3fce6ee\" data-element_type=\"section\">\n\t\t\t\t\t\t<div class=\"elementor-container elementor-column-gap-no\">\n\t\t\t\t\t<div class=\"elementor-column elementor-col-100 elementor-top-column elementor-element elementor-element-8fccb15\" data-id=\"8fccb15\" data-element_type=\"column\">\n\t\t\t<div class=\"elementor-widget-wrap elementor-element-populated\">\n\t\t\t\t\t\t<div class=\"elementor-element elementor-element-4183cf1 elementor-widget elementor-widget-google_maps\" data-id=\"4183cf1\" data-element_type=\"widget\" data-widget_type=\"google_maps.default\">\n\t\t\t\t<div class=\"elementor-widget-container\">\n\t\t\t\t\t\t\t<div class=\"elementor-custom-embed\">\n\t\t\t<iframe loading=\"lazy\"\n\t\t\t\t\tsrc=\"https:\/\/maps.google.com\/maps?q=pura%20brasa%20zaragoza&#038;t=m&#038;z=16&#038;output=embed&#038;iwloc=near\"\n\t\t\t\t\ttitle=\"pura brasa zaragoza\"\n\t\t\t\t\taria-label=\"pura brasa zaragoza\"\n\t\t\t><\/iframe>\n\t\t<\/div>\n\t\t\t\t\t\t<\/div>\n\t\t\t\t<\/div>\n\t\t\t\t\t<\/div>\n\t\t<\/div>\n\t\t\t\t\t<\/div>\n\t\t<\/section>\n\t\t\t\t<section class=\"elementor-section elementor-top-section elementor-element elementor-element-6b36875 elementor-section-full_width elementor-section-height-default elementor-section-height-default\" data-id=\"6b36875\" data-element_type=\"section\" data-settings=\"{&quot;background_background&quot;:&quot;classic&quot;}\">\n\t\t\t\t\t\t<div class=\"elementor-container elementor-column-gap-default\">\n\t\t\t\t\t<div class=\"elementor-column elementor-col-100 elementor-top-column elementor-element elementor-element-2fc8473\" data-id=\"2fc8473\" data-element_type=\"column\">\n\t\t\t<div class=\"elementor-widget-wrap elementor-element-populated\">\n\t\t\t\t\t\t<div class=\"elementor-element elementor-element-1f00b86 elementor-mobile-align-center elementor-icon-list--layout-traditional elementor-list-item-link-full_width elementor-widget elementor-widget-icon-list\" data-id=\"1f00b86\" data-element_type=\"widget\" data-widget_type=\"icon-list.default\">\n\t\t\t\t<div class=\"elementor-widget-container\">\n\t\t\t\t\t\t\t<ul class=\"elementor-icon-list-items\">\n\t\t\t\t\t\t\t<li class=\"elementor-icon-list-item\">\n\t\t\t\t\t\t\t\t\t\t\t<a href=\"https:\/\/www.instagram.com\/purabrasagrill\/\">\n\n\t\t\t\t\t\t\t\t\t\t\t\t<span class=\"elementor-icon-list-icon\">\n\t\t\t\t\t\t\t<i aria-hidden=\"true\" class=\"fab fa-instagram\"><\/i>\t\t\t\t\t\t<\/span>\n\t\t\t\t\t\t\t\t\t\t<span class=\"elementor-icon-list-text\">@purabrasagrill<\/span>\n\t\t\t\t\t\t\t\t\t\t\t<\/a>\n\t\t\t\t\t\t\t\t\t<\/li>\n\t\t\t\t\t\t<\/ul>\n\t\t\t\t\t\t<\/div>\n\t\t\t\t<\/div>\n\t\t\t\t<div class=\"elementor-element elementor-element-b5a38c9 elementor-arrows-position-inside elementor-pagination-position-outside elementor-widget elementor-widget-image-carousel\" data-id=\"b5a38c9\" data-element_type=\"widget\" data-settings=\"{&quot;slides_to_show&quot;:&quot;4&quot;,&quot;slides_to_show_tablet&quot;:&quot;3&quot;,&quot;slides_to_show_mobile&quot;:&quot;1&quot;,&quot;navigation&quot;:&quot;both&quot;,&quot;autoplay&quot;:&quot;yes&quot;,&quot;pause_on_hover&quot;:&quot;yes&quot;,&quot;pause_on_interaction&quot;:&quot;yes&quot;,&quot;autoplay_speed&quot;:5000,&quot;infinite&quot;:&quot;yes&quot;,&quot;speed&quot;:500}\" data-widget_type=\"image-carousel.default\">\n\t\t\t\t<div class=\"elementor-widget-container\">\n\t\t\t\t\t\t\t<div class=\"elementor-image-carousel-wrapper swiper\" role=\"region\" aria-roledescription=\"carousel\" aria-label=\"Image Carousel\" dir=\"ltr\">\n\t\t\t<div class=\"elementor-image-carousel swiper-wrapper swiper-image-stretch\" aria-live=\"off\">\n\t\t\t\t\t\t\t\t<div class=\"swiper-slide\" role=\"group\" aria-roledescription=\"slide\" aria-label=\"1 of 7\"><figure class=\"swiper-slide-inner\"><img decoding=\"async\" class=\"swiper-slide-image\" src=\"https:\/\/grupofuenclara.com\/wp-content\/uploads\/2024\/04\/1.jpg\" alt=\"pura brasa zaragoza\" \/><\/figure><\/div><div class=\"swiper-slide\" role=\"group\" aria-roledescription=\"slide\" aria-label=\"2 of 7\"><figure class=\"swiper-slide-inner\"><img decoding=\"async\" class=\"swiper-slide-image\" src=\"https:\/\/grupofuenclara.com\/wp-content\/uploads\/2024\/04\/3.jpg\" alt=\"pura brasa zaragoza\" \/><\/figure><\/div><div class=\"swiper-slide\" role=\"group\" aria-roledescription=\"slide\" aria-label=\"3 of 7\"><figure class=\"swiper-slide-inner\"><img decoding=\"async\" class=\"swiper-slide-image\" src=\"https:\/\/grupofuenclara.com\/wp-content\/uploads\/2024\/04\/4.jpg\" alt=\"pura brasa zaragoza\" \/><\/figure><\/div><div class=\"swiper-slide\" role=\"group\" aria-roledescription=\"slide\" aria-label=\"4 of 7\"><figure class=\"swiper-slide-inner\"><img decoding=\"async\" class=\"swiper-slide-image\" src=\"https:\/\/grupofuenclara.com\/wp-content\/uploads\/2024\/04\/5.jpg\" alt=\"pura brasa zaragoza\" \/><\/figure><\/div><div class=\"swiper-slide\" role=\"group\" aria-roledescription=\"slide\" aria-label=\"5 of 7\"><figure class=\"swiper-slide-inner\"><img decoding=\"async\" class=\"swiper-slide-image\" src=\"https:\/\/grupofuenclara.com\/wp-content\/uploads\/2024\/04\/2.jpg\" alt=\"pura brasa zaragoza\" \/><\/figure><\/div><div class=\"swiper-slide\" role=\"group\" aria-roledescription=\"slide\" aria-label=\"6 of 7\"><figure class=\"swiper-slide-inner\"><img decoding=\"async\" class=\"swiper-slide-image\" src=\"https:\/\/grupofuenclara.com\/wp-content\/uploads\/2024\/04\/6.jpg\" alt=\"pura brasa zaragoza\" \/><\/figure><\/div><div class=\"swiper-slide\" role=\"group\" aria-roledescription=\"slide\" aria-label=\"7 of 7\"><figure class=\"swiper-slide-inner\"><img decoding=\"async\" class=\"swiper-slide-image\" src=\"https:\/\/grupofuenclara.com\/wp-content\/uploads\/2024\/04\/7.jpg\" alt=\"pura brasa zaragoza\" \/><\/figure><\/div>\t\t\t<\/div>\n\t\t\t\t\t\t\t\t\t\t\t\t<div class=\"elementor-swiper-button elementor-swiper-button-prev\" role=\"button\" tabindex=\"0\">\n\t\t\t\t\t\t<i aria-hidden=\"true\" class=\"eicon-chevron-left\"><\/i>\t\t\t\t\t<\/div>\n\t\t\t\t\t<div class=\"elementor-swiper-button elementor-swiper-button-next\" role=\"button\" tabindex=\"0\">\n\t\t\t\t\t\t<i aria-hidden=\"true\" class=\"eicon-chevron-right\"><\/i>\t\t\t\t\t<\/div>\n\t\t\t\t\n\t\t\t\t\t\t\t\t\t<div class=\"swiper-pagination\"><\/div>\n\t\t\t\t\t\t\t\t\t<\/div>\n\t\t\t\t\t\t<\/div>\n\t\t\t\t<\/div>\n\t\t\t\t\t<\/div>\n\t\t<\/div>\n\t\t\t\t\t<\/div>\n\t\t<\/section>\n\t\t\t\t<\/div>","protected":false},"excerpt":{"rendered":"<p>Pura Brasa, gastronomic grill Un concepto gastron\u00f3mico de calidad que combina la esencia de la cocina tradicional saludable, con una complet\u00edsima carta en la que el 95% de sus platos pasan por la brasa. Parque grande Pura Brasa, ubicado en un entorno \u00fanico con incre\u00edbles vistas dentro del Parque Grande, es el lugar id\u00f3neo donde &#8230; <a title=\"Pura Brasa\" class=\"read-more\" href=\"https:\/\/grupofuenclara.com\/en\/pura-brasa\/\" aria-label=\"Read more about Pura Brasa\">Read more<\/a><\/p>","protected":false},"author":3,"featured_media":0,"parent":0,"menu_order":0,"comment_status":"closed","ping_status":"closed","template":"elementor_header_footer","meta":{"footnotes":""},"class_list":["post-1627","page","type-page","status-publish"],"yoast_head":"<!-- This site is optimized with the Yoast SEO plugin v26.5 - https:\/\/yoast.com\/wordpress\/plugins\/seo\/ -->\n<title>Pura Brasa Zaragoza - Grupo Fuenclara<\/title>\n<meta name=\"description\" content=\"Pura Brasa rompe con el molde de la cocina convencional a la brasa, con platos que sorprenden al comensal por su originalidad y gusto.\" \/>\n<meta name=\"robots\" content=\"index, follow, max-snippet:-1, max-image-preview:large, max-video-preview:-1\" \/>\n<link rel=\"canonical\" href=\"https:\/\/grupofuenclara.com\/en\/pura-brasa\/\" \/>\n<meta property=\"og:locale\" content=\"en_GB\" \/>\n<meta property=\"og:type\" content=\"article\" \/>\n<meta property=\"og:title\" content=\"Pura Brasa Zaragoza - Grupo Fuenclara\" \/>\n<meta property=\"og:description\" content=\"Pura Brasa rompe con el molde de la cocina convencional a la brasa, con platos que sorprenden al comensal por su originalidad y gusto.\" \/>\n<meta property=\"og:url\" content=\"https:\/\/grupofuenclara.com\/en\/pura-brasa\/\" \/>\n<meta property=\"og:site_name\" content=\"grupofuenclara.com\" \/>\n<meta property=\"article:modified_time\" content=\"2024-04-11T14:53:54+00:00\" \/>\n<meta property=\"og:image\" content=\"https:\/\/grupofuenclara.com\/wp-content\/uploads\/2024\/04\/logo-purabrasa.png\" \/>\n<meta name=\"twitter:card\" content=\"summary_large_image\" \/>\n<meta name=\"twitter:label1\" content=\"Estimated reading time\" \/>\n\t<meta name=\"twitter:data1\" content=\"4 minutes\" \/>\n<script type=\"application\/ld+json\" class=\"yoast-schema-graph\">{\"@context\":\"https:\/\/schema.org\",\"@graph\":[{\"@type\":\"WebPage\",\"@id\":\"https:\/\/grupofuenclara.com\/pura-brasa\/\",\"url\":\"https:\/\/grupofuenclara.com\/pura-brasa\/\",\"name\":\"Pura Brasa Zaragoza - Grupo Fuenclara\",\"isPartOf\":{\"@id\":\"https:\/\/grupofuenclara.com\/#website\"},\"primaryImageOfPage\":{\"@id\":\"https:\/\/grupofuenclara.com\/pura-brasa\/#primaryimage\"},\"image\":{\"@id\":\"https:\/\/grupofuenclara.com\/pura-brasa\/#primaryimage\"},\"thumbnailUrl\":\"https:\/\/grupofuenclara.com\/wp-content\/uploads\/2024\/04\/logo-purabrasa.png\",\"datePublished\":\"2024-04-09T10:25:01+00:00\",\"dateModified\":\"2024-04-11T14:53:54+00:00\",\"description\":\"Pura Brasa rompe con el molde de la cocina convencional a la brasa, con platos que sorprenden al comensal por su originalidad y gusto.\",\"breadcrumb\":{\"@id\":\"https:\/\/grupofuenclara.com\/pura-brasa\/#breadcrumb\"},\"inLanguage\":\"en-GB\",\"potentialAction\":[{\"@type\":\"ReadAction\",\"target\":[\"https:\/\/grupofuenclara.com\/pura-brasa\/\"]}]},{\"@type\":\"ImageObject\",\"inLanguage\":\"en-GB\",\"@id\":\"https:\/\/grupofuenclara.com\/pura-brasa\/#primaryimage\",\"url\":\"https:\/\/grupofuenclara.com\/wp-content\/uploads\/2024\/04\/logo-purabrasa.png\",\"contentUrl\":\"https:\/\/grupofuenclara.com\/wp-content\/uploads\/2024\/04\/logo-purabrasa.png\"},{\"@type\":\"BreadcrumbList\",\"@id\":\"https:\/\/grupofuenclara.com\/pura-brasa\/#breadcrumb\",\"itemListElement\":[{\"@type\":\"ListItem\",\"position\":1,\"name\":\"Home\",\"item\":\"https:\/\/grupofuenclara.com\/\"},{\"@type\":\"ListItem\",\"position\":2,\"name\":\"Pura Brasa\"}]},{\"@type\":\"WebSite\",\"@id\":\"https:\/\/grupofuenclara.com\/#website\",\"url\":\"https:\/\/grupofuenclara.com\/\",\"name\":\"grupofuenclara.com\",\"description\":\"\",\"publisher\":{\"@id\":\"https:\/\/grupofuenclara.com\/#organization\"},\"potentialAction\":[{\"@type\":\"SearchAction\",\"target\":{\"@type\":\"EntryPoint\",\"urlTemplate\":\"https:\/\/grupofuenclara.com\/?s={search_term_string}\"},\"query-input\":{\"@type\":\"PropertyValueSpecification\",\"valueRequired\":true,\"valueName\":\"search_term_string\"}}],\"inLanguage\":\"en-GB\"},{\"@type\":\"Organization\",\"@id\":\"https:\/\/grupofuenclara.com\/#organization\",\"name\":\"grupofuenclara.com\",\"url\":\"https:\/\/grupofuenclara.com\/\",\"logo\":{\"@type\":\"ImageObject\",\"inLanguage\":\"en-GB\",\"@id\":\"https:\/\/grupofuenclara.com\/#\/schema\/logo\/image\/\",\"url\":\"https:\/\/grupofuenclara.com\/wp-content\/uploads\/2023\/05\/LOGO-FUENCLARA-ADAPTADO.png\",\"contentUrl\":\"https:\/\/grupofuenclara.com\/wp-content\/uploads\/2023\/05\/LOGO-FUENCLARA-ADAPTADO.png\",\"width\":180,\"height\":54,\"caption\":\"grupofuenclara.com\"},\"image\":{\"@id\":\"https:\/\/grupofuenclara.com\/#\/schema\/logo\/image\/\"}}]}<\/script>\n<!-- \/ Yoast SEO plugin. -->","yoast_head_json":{"title":"Pura Brasa Zaragoza - Grupo Fuenclara","description":"Pura Brasa rompe con el molde de la cocina convencional a la brasa, con platos que sorprenden al comensal por su originalidad y gusto.","robots":{"index":"index","follow":"follow","max-snippet":"max-snippet:-1","max-image-preview":"max-image-preview:large","max-video-preview":"max-video-preview:-1"},"canonical":"https:\/\/grupofuenclara.com\/en\/pura-brasa\/","og_locale":"en_GB","og_type":"article","og_title":"Pura Brasa Zaragoza - Grupo Fuenclara","og_description":"Pura Brasa rompe con el molde de la cocina convencional a la brasa, con platos que sorprenden al comensal por su originalidad y gusto.","og_url":"https:\/\/grupofuenclara.com\/en\/pura-brasa\/","og_site_name":"grupofuenclara.com","article_modified_time":"2024-04-11T14:53:54+00:00","og_image":[{"url":"https:\/\/grupofuenclara.com\/wp-content\/uploads\/2024\/04\/logo-purabrasa.png","type":"","width":"","height":""}],"twitter_card":"summary_large_image","twitter_misc":{"Estimated reading time":"4 minutes"},"schema":{"@context":"https:\/\/schema.org","@graph":[{"@type":"WebPage","@id":"https:\/\/grupofuenclara.com\/pura-brasa\/","url":"https:\/\/grupofuenclara.com\/pura-brasa\/","name":"Pura Brasa Zaragoza - Grupo Fuenclara","isPartOf":{"@id":"https:\/\/grupofuenclara.com\/#website"},"primaryImageOfPage":{"@id":"https:\/\/grupofuenclara.com\/pura-brasa\/#primaryimage"},"image":{"@id":"https:\/\/grupofuenclara.com\/pura-brasa\/#primaryimage"},"thumbnailUrl":"https:\/\/grupofuenclara.com\/wp-content\/uploads\/2024\/04\/logo-purabrasa.png","datePublished":"2024-04-09T10:25:01+00:00","dateModified":"2024-04-11T14:53:54+00:00","description":"Pura Brasa rompe con el molde de la cocina convencional a la brasa, con platos que sorprenden al comensal por su originalidad y gusto.","breadcrumb":{"@id":"https:\/\/grupofuenclara.com\/pura-brasa\/#breadcrumb"},"inLanguage":"en-GB","potentialAction":[{"@type":"ReadAction","target":["https:\/\/grupofuenclara.com\/pura-brasa\/"]}]},{"@type":"ImageObject","inLanguage":"en-GB","@id":"https:\/\/grupofuenclara.com\/pura-brasa\/#primaryimage","url":"https:\/\/grupofuenclara.com\/wp-content\/uploads\/2024\/04\/logo-purabrasa.png","contentUrl":"https:\/\/grupofuenclara.com\/wp-content\/uploads\/2024\/04\/logo-purabrasa.png"},{"@type":"BreadcrumbList","@id":"https:\/\/grupofuenclara.com\/pura-brasa\/#breadcrumb","itemListElement":[{"@type":"ListItem","position":1,"name":"Home","item":"https:\/\/grupofuenclara.com\/"},{"@type":"ListItem","position":2,"name":"Pura Brasa"}]},{"@type":"WebSite","@id":"https:\/\/grupofuenclara.com\/#website","url":"https:\/\/grupofuenclara.com\/","name":"grupofuenclara.com","description":"","publisher":{"@id":"https:\/\/grupofuenclara.com\/#organization"},"potentialAction":[{"@type":"SearchAction","target":{"@type":"EntryPoint","urlTemplate":"https:\/\/grupofuenclara.com\/?s={search_term_string}"},"query-input":{"@type":"PropertyValueSpecification","valueRequired":true,"valueName":"search_term_string"}}],"inLanguage":"en-GB"},{"@type":"Organization","@id":"https:\/\/grupofuenclara.com\/#organization","name":"grupofuenclara.com","url":"https:\/\/grupofuenclara.com\/","logo":{"@type":"ImageObject","inLanguage":"en-GB","@id":"https:\/\/grupofuenclara.com\/#\/schema\/logo\/image\/","url":"https:\/\/grupofuenclara.com\/wp-content\/uploads\/2023\/05\/LOGO-FUENCLARA-ADAPTADO.png","contentUrl":"https:\/\/grupofuenclara.com\/wp-content\/uploads\/2023\/05\/LOGO-FUENCLARA-ADAPTADO.png","width":180,"height":54,"caption":"grupofuenclara.com"},"image":{"@id":"https:\/\/grupofuenclara.com\/#\/schema\/logo\/image\/"}}]}},"_links":{"self":[{"href":"https:\/\/grupofuenclara.com\/en\/wp-json\/wp\/v2\/pages\/1627","targetHints":{"allow":["GET"]}}],"collection":[{"href":"https:\/\/grupofuenclara.com\/en\/wp-json\/wp\/v2\/pages"}],"about":[{"href":"https:\/\/grupofuenclara.com\/en\/wp-json\/wp\/v2\/types\/page"}],"author":[{"embeddable":true,"href":"https:\/\/grupofuenclara.com\/en\/wp-json\/wp\/v2\/users\/3"}],"replies":[{"embeddable":true,"href":"https:\/\/grupofuenclara.com\/en\/wp-json\/wp\/v2\/comments?post=1627"}],"version-history":[{"count":42,"href":"https:\/\/grupofuenclara.com\/en\/wp-json\/wp\/v2\/pages\/1627\/revisions"}],"predecessor-version":[{"id":1744,"href":"https:\/\/grupofuenclara.com\/en\/wp-json\/wp\/v2\/pages\/1627\/revisions\/1744"}],"wp:attachment":[{"href":"https:\/\/grupofuenclara.com\/en\/wp-json\/wp\/v2\/media?parent=1627"}],"curies":[{"name":"wp","href":"https:\/\/api.w.org\/{rel}","templated":true}]}}